{"id":14960,"date":"2025-08-30T22:11:40","date_gmt":"2025-08-30T22:11:40","guid":{"rendered":"https:\/\/tomtometnono.com\/?page_id=14960"},"modified":"2025-09-04T18:40:46","modified_gmt":"2025-09-04T18:40:46","slug":"lanzarote","status":"publish","type":"page","link":"https:\/\/tomtometnono.com\/index.php\/lanzarote\/","title":{"rendered":"Lanzarote"},"content":{"rendered":"\t\t<div data-elementor-type=\"wp-page\" data-elementor-id=\"14960\" class=\"elementor elementor-14960\">\n\t\t\t\t\t\t<section class=\"elementor-section elementor-top-section elementor-element elementor-element-a43e964 elementor-section-boxed elementor-section-height-default elementor-section-height-default\" data-id=\"a43e964\" data-element_type=\"section\" data-e-type=\"section\">\n\t\t\t\t\t\t<div class=\"elementor-container elementor-column-gap-default\">\n\t\t\t\t\t<div class=\"elementor-column elementor-col-100 elementor-top-column elementor-element elementor-element-865cff9\" data-id=\"865cff9\" data-element_type=\"column\" data-e-type=\"column\">\n\t\t\t<div class=\"elementor-widget-wrap elementor-element-populated\">\n\t\t\t\t\t\t<div class=\"elementor-element elementor-element-f2979ea elementor-widget elementor-widget-text-editor\" data-id=\"f2979ea\" data-element_type=\"widget\" data-e-type=\"widget\" data-widget_type=\"text-editor.default\">\n\t\t\t\t<div class=\"elementor-widget-container\">\n\t\t\t\t\t\t\t\t\t<p>Lanzarotte est une \u00eele espagnole situ\u00e9e dans les Canaries. C&rsquo;est la quatri\u00e8me plus grande \u00eele de cette archipel sur les sept \u00eeles qui le compose. <br>Lanzarote compte environ 110 volcans dont le plus haut culmine \u00e0 674 m\u00e8tres d&rsquo;altitude (Penas del Chache). <br>Environ 152 000 personnes y r\u00e9sident dont 68 000 \u00e0 Arrecife, la capitale.<\/p>\t\t\t\t\t\t\t\t<\/div>\n\t\t\t\t<\/div>\n\t\t\t\t\t<\/div>\n\t\t<\/div>\n\t\t\t\t\t<\/div>\n\t\t<\/section>\n\t\t\t\t<section class=\"elementor-section elementor-top-section elementor-element elementor-element-d8c6772 elementor-section-boxed elementor-section-height-default elementor-section-height-default\" data-id=\"d8c6772\" data-element_type=\"section\" data-e-type=\"section\">\n\t\t\t\t\t\t<div class=\"elementor-container elementor-column-gap-default\">\n\t\t\t\t\t<div class=\"elementor-column elementor-col-33 elementor-top-column elementor-element elementor-element-48c4241\" data-id=\"48c4241\" data-element_type=\"column\" data-e-type=\"column\">\n\t\t\t<div class=\"elementor-widget-wrap elementor-element-populated\">\n\t\t\t\t\t\t<div class=\"elementor-element elementor-element-764c261 elementor-widget elementor-widget-heading\" data-id=\"764c261\" data-element_type=\"widget\" data-e-type=\"widget\" data-widget_type=\"heading.default\">\n\t\t\t\t<div class=\"elementor-widget-container\">\n\t\t\t\t\t<h1 class=\"elementor-heading-title elementor-size-default\">\u2708\ufe0f<\/h1>\t\t\t\t<\/div>\n\t\t\t\t<\/div>\n\t\t\t\t<div class=\"elementor-element elementor-element-773ea2c elementor-widget elementor-widget-text-editor\" data-id=\"773ea2c\" data-element_type=\"widget\" data-e-type=\"widget\" data-widget_type=\"text-editor.default\">\n\t\t\t\t<div class=\"elementor-widget-container\">\n\t\t\t\t\t\t\t\t\t<p style=\"text-align: center;\"><strong>3h20<\/strong> de vol en moyenne pour Nantes \u2013 Lanzarote<\/p>\t\t\t\t\t\t\t\t<\/div>\n\t\t\t\t<\/div>\n\t\t\t\t\t<\/div>\n\t\t<\/div>\n\t\t\t\t<div class=\"elementor-column elementor-col-33 elementor-top-column elementor-element elementor-element-7a770b5\" data-id=\"7a770b5\" data-element_type=\"column\" data-e-type=\"column\">\n\t\t\t<div class=\"elementor-widget-wrap elementor-element-populated\">\n\t\t\t\t\t\t<div class=\"elementor-element elementor-element-c5c6879 elementor-widget elementor-widget-heading\" data-id=\"c5c6879\" data-element_type=\"widget\" data-e-type=\"widget\" data-widget_type=\"heading.default\">\n\t\t\t\t<div class=\"elementor-widget-container\">\n\t\t\t\t\t<h2 class=\"elementor-heading-title elementor-size-default\">\u23f0<\/h2>\t\t\t\t<\/div>\n\t\t\t\t<\/div>\n\t\t\t\t<div class=\"elementor-element elementor-element-1dbed51 elementor-widget elementor-widget-text-editor\" data-id=\"1dbed51\" data-element_type=\"widget\" data-e-type=\"widget\" data-widget_type=\"text-editor.default\">\n\t\t\t\t<div class=\"elementor-widget-container\">\n\t\t\t\t\t\t\t\t\t<p style=\"text-align: center;\"><strong>1h de moins<\/strong> sur la France<\/p>\t\t\t\t\t\t\t\t<\/div>\n\t\t\t\t<\/div>\n\t\t\t\t\t<\/div>\n\t\t<\/div>\n\t\t\t\t<div class=\"elementor-column elementor-col-33 elementor-top-column elementor-element elementor-element-e569d26\" data-id=\"e569d26\" data-element_type=\"column\" data-e-type=\"column\">\n\t\t\t<div class=\"elementor-widget-wrap elementor-element-populated\">\n\t\t\t\t\t\t<div class=\"elementor-element elementor-element-1c59d59 elementor-widget elementor-widget-heading\" data-id=\"1c59d59\" data-element_type=\"widget\" data-e-type=\"widget\" data-widget_type=\"heading.default\">\n\t\t\t\t<div class=\"elementor-widget-container\">\n\t\t\t\t\t<h2 class=\"elementor-heading-title elementor-size-default\">\ud83d\udca8<\/h2>\t\t\t\t<\/div>\n\t\t\t\t<\/div>\n\t\t\t\t<div class=\"elementor-element elementor-element-1d8b6fd elementor-widget elementor-widget-text-editor\" data-id=\"1d8b6fd\" data-element_type=\"widget\" data-e-type=\"widget\" data-widget_type=\"text-editor.default\">\n\t\t\t\t<div class=\"elementor-widget-container\">\n\t\t\t\t\t\t\t\t\t<p>Lanzarote est une \u00eele situ\u00e9e dans l&rsquo;oc\u00e9an Atlantique. Il y <strong>beaucoup de vent<\/strong>. Avantage quand il fait chaud. D\u00e9savantage quand le soleil se couche et qu&rsquo;on est frileux.<\/p><p>Conseil : pensez \u00e0 pr\u00e9voir un coupe-vent.<\/p>\t\t\t\t\t\t\t\t<\/div>\n\t\t\t\t<\/div>\n\t\t\t\t\t<\/div>\n\t\t<\/div>\n\t\t\t\t\t<\/div>\n\t\t<\/section>\n\t\t\t\t<section class=\"elementor-section elementor-top-section elementor-element elementor-element-f6c38fb elementor-section-boxed elementor-section-height-default elementor-section-height-default\" data-id=\"f6c38fb\" data-element_type=\"section\" data-e-type=\"section\">\n\t\t\t\t\t\t<div class=\"elementor-container elementor-column-gap-default\">\n\t\t\t\t\t<div class=\"elementor-column elementor-col-100 elementor-top-column elementor-element elementor-element-e09b1a3\" data-id=\"e09b1a3\" data-element_type=\"column\" data-e-type=\"column\">\n\t\t\t<div class=\"elementor-widget-wrap elementor-element-populated\">\n\t\t\t\t\t\t<div class=\"elementor-element elementor-element-38e14a4 elementor-widget elementor-widget-spacer\" data-id=\"38e14a4\" data-element_type=\"widget\" data-e-type=\"widget\" data-widget_type=\"spacer.default\">\n\t\t\t\t<div class=\"elementor-widget-container\">\n\t\t\t\t\t\t\t<div class=\"elementor-spacer\">\n\t\t\t<div class=\"elementor-spacer-inner\"><\/div>\n\t\t<\/div>\n\t\t\t\t\t\t<\/div>\n\t\t\t\t<\/div>\n\t\t\t\t\t<\/div>\n\t\t<\/div>\n\t\t\t\t\t<\/div>\n\t\t<\/section>\n\t\t\t\t<section class=\"elementor-section elementor-top-section elementor-element elementor-element-7930074 elementor-section-boxed elementor-section-height-default elementor-section-height-default\" data-id=\"7930074\" data-element_type=\"section\" data-e-type=\"section\">\n\t\t\t\t\t\t<div class=\"elementor-container elementor-column-gap-default\">\n\t\t\t\t\t<div class=\"elementor-column elementor-col-50 elementor-top-column elementor-element elementor-element-a30eb9f\" data-id=\"a30eb9f\" data-element_type=\"column\" data-e-type=\"column\">\n\t\t\t<div class=\"elementor-widget-wrap elementor-element-populated\">\n\t\t\t\t\t\t<div class=\"elementor-element elementor-element-f92e8b1 elementor-widget elementor-widget-image\" data-id=\"f92e8b1\" data-element_type=\"widget\" data-e-type=\"widget\" data-widget_type=\"image.default\">\n\t\t\t\t<div class=\"elementor-widget-container\">\n\t\t\t\t\t\t\t\t\t\t\t\t\t\t\t\t<a href=\"https:\/\/tomtometnono.com\/index.php\/2025\/09\/01\/lanzarote-le-nord-de-lile\/\">\n\t\t\t\t\t\t\t<img fetchpriority=\"high\" decoding=\"async\" width=\"950\" height=\"713\" src=\"https:\/\/tomtometnono.com\/wp-content\/uploads\/2025\/08\/IMG_8752-1024x768.jpeg\" class=\"attachment-large size-large wp-image-15138\" alt=\"\" srcset=\"https:\/\/tomtometnono.com\/wp-content\/uploads\/2025\/08\/IMG_8752-1024x768.jpeg 1024w, https:\/\/tomtometnono.com\/wp-content\/uploads\/2025\/08\/IMG_8752-300x225.jpeg 300w, https:\/\/tomtometnono.com\/wp-content\/uploads\/2025\/08\/IMG_8752-768x576.jpeg 768w, https:\/\/tomtometnono.com\/wp-content\/uploads\/2025\/08\/IMG_8752-1536x1152.jpeg 1536w, https:\/\/tomtometnono.com\/wp-content\/uploads\/2025\/08\/IMG_8752-2000x1500.jpeg 2000w, https:\/\/tomtometnono.com\/wp-content\/uploads\/2025\/08\/IMG_8752.jpeg 2048w\" sizes=\"100vw\" \/>\t\t\t\t\t\t\t\t<\/a>\n\t\t\t\t\t\t\t\t\t\t\t\t\t\t\t<\/div>\n\t\t\t\t<\/div>\n\t\t\t\t<div class=\"elementor-element elementor-element-da012f7 elementor-align-center elementor-widget elementor-widget-button\" data-id=\"da012f7\" data-element_type=\"widget\" data-e-type=\"widget\" data-widget_type=\"button.default\">\n\t\t\t\t<div class=\"elementor-widget-container\">\n\t\t\t\t\t\t\t\t\t<div class=\"elementor-button-wrapper\">\n\t\t\t\t\t<a class=\"elementor-button elementor-button-link elementor-size-sm\" href=\"https:\/\/tomtometnono.com\/index.php\/2025\/09\/01\/lanzarote-le-nord-de-lile\/\">\n\t\t\t\t\t\t<span class=\"elementor-button-content-wrapper\">\n\t\t\t\t\t\t\t\t\t<span class=\"elementor-button-text\">D\u00e9couvrir la partie nord de l'\u00eele<\/span>\n\t\t\t\t\t<\/span>\n\t\t\t\t\t<\/a>\n\t\t\t\t<\/div>\n\t\t\t\t\t\t\t\t<\/div>\n\t\t\t\t<\/div>\n\t\t\t\t\t<\/div>\n\t\t<\/div>\n\t\t\t\t<div class=\"elementor-column elementor-col-50 elementor-top-column elementor-element elementor-element-4964bad\" data-id=\"4964bad\" data-element_type=\"column\" data-e-type=\"column\">\n\t\t\t<div class=\"elementor-widget-wrap elementor-element-populated\">\n\t\t\t\t\t\t<div class=\"elementor-element elementor-element-a1bac95 elementor-widget elementor-widget-image\" data-id=\"a1bac95\" data-element_type=\"widget\" data-e-type=\"widget\" data-widget_type=\"image.default\">\n\t\t\t\t<div class=\"elementor-widget-container\">\n\t\t\t\t\t\t\t\t\t\t\t\t\t\t\t\t<a href=\"https:\/\/tomtometnono.com\/index.php\/2025\/08\/31\/lanzarote-le-sud-de-lile\/\">\n\t\t\t\t\t\t\t<img decoding=\"async\" width=\"950\" height=\"713\" src=\"https:\/\/tomtometnono.com\/wp-content\/uploads\/2025\/08\/IMG_8522-1024x768.jpeg\" class=\"attachment-large size-large wp-image-15044\" alt=\"\" srcset=\"https:\/\/tomtometnono.com\/wp-content\/uploads\/2025\/08\/IMG_8522-1024x768.jpeg 1024w, https:\/\/tomtometnono.com\/wp-content\/uploads\/2025\/08\/IMG_8522-300x225.jpeg 300w, https:\/\/tomtometnono.com\/wp-content\/uploads\/2025\/08\/IMG_8522-768x576.jpeg 768w, https:\/\/tomtometnono.com\/wp-content\/uploads\/2025\/08\/IMG_8522-1536x1152.jpeg 1536w, https:\/\/tomtometnono.com\/wp-content\/uploads\/2025\/08\/IMG_8522-2000x1500.jpeg 2000w, https:\/\/tomtometnono.com\/wp-content\/uploads\/2025\/08\/IMG_8522.jpeg 2048w\" sizes=\"100vw\" \/>\t\t\t\t\t\t\t\t<\/a>\n\t\t\t\t\t\t\t\t\t\t\t\t\t\t\t<\/div>\n\t\t\t\t<\/div>\n\t\t\t\t<div class=\"elementor-element elementor-element-a8edac9 elementor-align-center elementor-widget elementor-widget-button\" data-id=\"a8edac9\" data-element_type=\"widget\" data-e-type=\"widget\" data-widget_type=\"button.default\">\n\t\t\t\t<div class=\"elementor-widget-container\">\n\t\t\t\t\t\t\t\t\t<div class=\"elementor-button-wrapper\">\n\t\t\t\t\t<a class=\"elementor-button elementor-button-link elementor-size-sm\" href=\"https:\/\/tomtometnono.com\/index.php\/2025\/08\/31\/lanzarote-le-sud-de-lile\/\">\n\t\t\t\t\t\t<span class=\"elementor-button-content-wrapper\">\n\t\t\t\t\t\t\t\t\t<span class=\"elementor-button-text\">D\u00e9couvrir la partie sud de l'\u00eele<\/span>\n\t\t\t\t\t<\/span>\n\t\t\t\t\t<\/a>\n\t\t\t\t<\/div>\n\t\t\t\t\t\t\t\t<\/div>\n\t\t\t\t<\/div>\n\t\t\t\t\t<\/div>\n\t\t<\/div>\n\t\t\t\t\t<\/div>\n\t\t<\/section>\n\t\t\t\t<section class=\"elementor-section elementor-top-section elementor-element elementor-element-58ee75b elementor-section-boxed elementor-section-height-default elementor-section-height-default\" data-id=\"58ee75b\" data-element_type=\"section\" data-e-type=\"section\">\n\t\t\t\t\t\t<div class=\"elementor-container elementor-column-gap-default\">\n\t\t\t\t\t<div class=\"elementor-column elementor-col-100 elementor-top-column elementor-element elementor-element-701ff7c\" data-id=\"701ff7c\" data-element_type=\"column\" data-e-type=\"column\">\n\t\t\t<div class=\"elementor-widget-wrap elementor-element-populated\">\n\t\t\t\t\t\t<div class=\"elementor-element elementor-element-0b154c2 elementor-widget elementor-widget-spacer\" data-id=\"0b154c2\" data-element_type=\"widget\" data-e-type=\"widget\" data-widget_type=\"spacer.default\">\n\t\t\t\t<div class=\"elementor-widget-container\">\n\t\t\t\t\t\t\t<div class=\"elementor-spacer\">\n\t\t\t<div class=\"elementor-spacer-inner\"><\/div>\n\t\t<\/div>\n\t\t\t\t\t\t<\/div>\n\t\t\t\t<\/div>\n\t\t\t\t\t<\/div>\n\t\t<\/div>\n\t\t\t\t\t<\/div>\n\t\t<\/section>\n\t\t\t\t<section class=\"elementor-section elementor-top-section elementor-element elementor-element-d2da261 elementor-section-boxed elementor-section-height-default elementor-section-height-default\" data-id=\"d2da261\" data-element_type=\"section\" data-e-type=\"section\">\n\t\t\t\t\t\t<div class=\"elementor-container elementor-column-gap-default\">\n\t\t\t\t\t<div class=\"elementor-column elementor-col-100 elementor-top-column elementor-element elementor-element-e7a7a01\" data-id=\"e7a7a01\" data-element_type=\"column\" data-e-type=\"column\">\n\t\t\t<div class=\"elementor-widget-wrap elementor-element-populated\">\n\t\t\t\t\t\t<div class=\"elementor-element elementor-element-ccb6a43 elementor-widget elementor-widget-heading\" data-id=\"ccb6a43\" data-element_type=\"widget\" data-e-type=\"widget\" data-widget_type=\"heading.default\">\n\t\t\t\t<div class=\"elementor-widget-container\">\n\t\t\t\t\t<h2 class=\"elementor-heading-title elementor-size-default\">\ud83d\ude97 Se d\u00e9placer<\/h2>\t\t\t\t<\/div>\n\t\t\t\t<\/div>\n\t\t\t\t<div class=\"elementor-element elementor-element-89cf3fc elementor-widget elementor-widget-text-editor\" data-id=\"89cf3fc\" data-element_type=\"widget\" data-e-type=\"widget\" data-widget_type=\"text-editor.default\">\n\t\t\t\t<div class=\"elementor-widget-container\">\n\t\t\t\t\t\t\t\t\t<p>L&rsquo;\u00eele fait 62km du nord au sud et 21km d&rsquo;est en ouest. Pour la visiter, il est conseill\u00e9 de louer une voiture. Vous pourrez ainsi d\u00e9couvrir l&rsquo;\u00eele \u00e0 votre rythme et organiser vos visites\/activit\u00e9s comme bon vous semble.\u00a0<\/p>\t\t\t\t\t\t\t\t<\/div>\n\t\t\t\t<\/div>\n\t\t\t\t\t<\/div>\n\t\t<\/div>\n\t\t\t\t\t<\/div>\n\t\t<\/section>\n\t\t\t\t<section class=\"elementor-section elementor-top-section elementor-element elementor-element-d59ba75 elementor-section-boxed elementor-section-height-default elementor-section-height-default\" data-id=\"d59ba75\" data-element_type=\"section\" data-e-type=\"section\">\n\t\t\t\t\t\t<div class=\"elementor-container elementor-column-gap-default\">\n\t\t\t\t\t<div class=\"elementor-column elementor-col-50 elementor-top-column elementor-element elementor-element-d51f798\" data-id=\"d51f798\" data-element_type=\"column\" data-e-type=\"column\">\n\t\t\t<div class=\"elementor-widget-wrap elementor-element-populated\">\n\t\t\t\t\t\t<div class=\"elementor-element elementor-element-29eb5e5 elementor-widget elementor-widget-image\" data-id=\"29eb5e5\" data-element_type=\"widget\" data-e-type=\"widget\" data-widget_type=\"image.default\">\n\t\t\t\t<div class=\"elementor-widget-container\">\n\t\t\t\t\t\t\t\t\t\t\t\t\t\t\t<img decoding=\"async\" width=\"950\" height=\"713\" src=\"https:\/\/tomtometnono.com\/wp-content\/uploads\/2025\/08\/IMG_8722-1024x768.jpeg\" class=\"attachment-large size-large wp-image-15147\" alt=\"\" srcset=\"https:\/\/tomtometnono.com\/wp-content\/uploads\/2025\/08\/IMG_8722-1024x768.jpeg 1024w, https:\/\/tomtometnono.com\/wp-content\/uploads\/2025\/08\/IMG_8722-300x225.jpeg 300w, https:\/\/tomtometnono.com\/wp-content\/uploads\/2025\/08\/IMG_8722-768x576.jpeg 768w, https:\/\/tomtometnono.com\/wp-content\/uploads\/2025\/08\/IMG_8722-1536x1152.jpeg 1536w, https:\/\/tomtometnono.com\/wp-content\/uploads\/2025\/08\/IMG_8722-2000x1500.jpeg 2000w, https:\/\/tomtometnono.com\/wp-content\/uploads\/2025\/08\/IMG_8722.jpeg 2048w\" sizes=\"100vw\" \/>\t\t\t\t\t\t\t\t\t\t\t\t\t\t\t<\/div>\n\t\t\t\t<\/div>\n\t\t\t\t\t<\/div>\n\t\t<\/div>\n\t\t\t\t<div class=\"elementor-column elementor-col-50 elementor-top-column elementor-element elementor-element-193aed4\" data-id=\"193aed4\" data-element_type=\"column\" data-e-type=\"column\">\n\t\t\t<div class=\"elementor-widget-wrap elementor-element-populated\">\n\t\t\t\t\t\t<div class=\"elementor-element elementor-element-ddcace4 elementor-widget elementor-widget-text-editor\" data-id=\"ddcace4\" data-element_type=\"widget\" data-e-type=\"widget\" data-widget_type=\"text-editor.default\">\n\t\t\t\t<div class=\"elementor-widget-container\">\n\t\t\t\t\t\t\t\t\t<p>De notre c\u00f4t\u00e9, nous avons lou\u00e9 notre voiture via AutoReisen. Nous avons pay\u00e9 155 euros une Renault Capture pour 11 jours.\u00a0<\/p><p>Ils sont situ\u00e9s dans l&rsquo;a\u00e9roport (avec les autres loueurs tels que Sixt). Nous avions effectu\u00e9 la r\u00e9servation en ligne. Une fois sur place, nous avons pr\u00e9sent\u00e9 : permis, pi\u00e8ce d&rsquo;identit\u00e9 et une carte de cr\u00e9dit suffit pour payer. L&rsquo;ajout d&rsquo;un second conducteur est gratuit. Pour le retrait du v\u00e9hicule, il est situ\u00e9 sur le parking du Terminal 2. La restitution se fait sur ce m\u00eame parking. Il faut juste refaire le plein mais il n&rsquo;y a pas besoin de nettoyer l&rsquo;ext\u00e9rieur de la voiture (assez p\u00e9rilleux \u00e0 Lanzarote avec le vent et le sable qui salisse vite la voiture). La voiture est \u00e0 remettre sur sa place de stationnement sur le parking d&rsquo;AutoReisen au Terminal 2 et les clefs sont \u00e0 rendre dans la cabine juste \u00e0 c\u00f4t\u00e9. Un gain de temps et un syst\u00e8me tr\u00e8s simple !<\/p>\t\t\t\t\t\t\t\t<\/div>\n\t\t\t\t<\/div>\n\t\t\t\t\t<\/div>\n\t\t<\/div>\n\t\t\t\t\t<\/div>\n\t\t<\/section>\n\t\t\t\t<section class=\"elementor-section elementor-top-section elementor-element elementor-element-453c8e6 elementor-section-boxed elementor-section-height-default elementor-section-height-default\" data-id=\"453c8e6\" data-element_type=\"section\" data-e-type=\"section\">\n\t\t\t\t\t\t<div class=\"elementor-container elementor-column-gap-default\">\n\t\t\t\t\t<div class=\"elementor-column elementor-col-100 elementor-top-column elementor-element elementor-element-fda8ef1\" data-id=\"fda8ef1\" data-element_type=\"column\" data-e-type=\"column\">\n\t\t\t<div class=\"elementor-widget-wrap elementor-element-populated\">\n\t\t\t\t\t\t<div class=\"elementor-element elementor-element-d15e5aa elementor-widget elementor-widget-spacer\" data-id=\"d15e5aa\" data-element_type=\"widget\" data-e-type=\"widget\" data-widget_type=\"spacer.default\">\n\t\t\t\t<div class=\"elementor-widget-container\">\n\t\t\t\t\t\t\t<div class=\"elementor-spacer\">\n\t\t\t<div class=\"elementor-spacer-inner\"><\/div>\n\t\t<\/div>\n\t\t\t\t\t\t<\/div>\n\t\t\t\t<\/div>\n\t\t\t\t\t<\/div>\n\t\t<\/div>\n\t\t\t\t\t<\/div>\n\t\t<\/section>\n\t\t\t\t<\/div>\n\t\t","protected":false},"excerpt":{"rendered":"<p>Lanzarotte est une \u00eele espagnole situ\u00e9e dans les Canaries. C&rsquo;est la quatri\u00e8me plus grande \u00eele de cette archipel sur les sept \u00eeles qui le compose. Lanzarote compte environ 110 volcans dont le plus haut culmine \u00e0 674 m\u00e8tres d&rsquo;altitude (Penas del Chache). Environ 152 000 personnes y r\u00e9sident dont 68 000 \u00e0 Arrecife, la capitale. &hellip; <\/p>\n<p class=\"link-more\"><a href=\"https:\/\/tomtometnono.com\/index.php\/lanzarote\/\" class=\"more-link\">Lire la suite de<span class=\"screen-reader-text\">\u00ab\u00a0Lanzarote\u00a0\u00bb<\/span><\/a><\/p>\n","protected":false},"author":1,"featured_media":15041,"parent":0,"menu_order":0,"comment_status":"open","ping_status":"closed","template":"","meta":{"om_disable_all_campaigns":false,"_monsterinsights_skip_tracking":false,"_monsterinsights_sitenote_active":false,"_monsterinsights_sitenote_note":"","_monsterinsights_sitenote_category":0,"footnotes":""},"class_list":["post-14960","page","type-page","status-publish","has-post-thumbnail","hentry"],"aioseo_notices":[],"_links":{"self":[{"href":"https:\/\/tomtometnono.com\/index.php\/wp-json\/wp\/v2\/pages\/14960","targetHints":{"allow":["GET"]}}],"collection":[{"href":"https:\/\/tomtometnono.com\/index.php\/wp-json\/wp\/v2\/pages"}],"about":[{"href":"https:\/\/tomtometnono.com\/index.php\/wp-json\/wp\/v2\/types\/page"}],"author":[{"embeddable":true,"href":"https:\/\/tomtometnono.com\/index.php\/wp-json\/wp\/v2\/users\/1"}],"replies":[{"embeddable":true,"href":"https:\/\/tomtometnono.com\/index.php\/wp-json\/wp\/v2\/comments?post=14960"}],"version-history":[{"count":40,"href":"https:\/\/tomtometnono.com\/index.php\/wp-json\/wp\/v2\/pages\/14960\/revisions"}],"predecessor-version":[{"id":15242,"href":"https:\/\/tomtometnono.com\/index.php\/wp-json\/wp\/v2\/pages\/14960\/revisions\/15242"}],"wp:featuredmedia":[{"embeddable":true,"href":"https:\/\/tomtometnono.com\/index.php\/wp-json\/wp\/v2\/media\/15041"}],"wp:attachment":[{"href":"https:\/\/tomtometnono.com\/index.php\/wp-json\/wp\/v2\/media?parent=14960"}],"curies":[{"name":"wp","href":"https:\/\/api.w.org\/{rel}","templated":true}]}}