{"id":552,"date":"2022-10-18T16:57:34","date_gmt":"2022-10-18T16:57:34","guid":{"rendered":"https:\/\/tomtometnono.com\/?page_id=552"},"modified":"2023-07-09T02:54:13","modified_gmt":"2023-07-09T02:54:13","slug":"notre-presentation","status":"publish","type":"page","link":"https:\/\/tomtometnono.com\/index.php\/notre-presentation\/","title":{"rendered":"Qui sommes-nous ?"},"content":{"rendered":"\t\t<div data-elementor-type=\"wp-page\" data-elementor-id=\"552\" class=\"elementor elementor-552\">\n\t\t\t\t\t\t<section class=\"elementor-section elementor-top-section elementor-element elementor-element-0bf3437 elementor-section-boxed elementor-section-height-default elementor-section-height-default\" data-id=\"0bf3437\" data-element_type=\"section\" data-e-type=\"section\">\n\t\t\t\t\t\t<div class=\"elementor-container elementor-column-gap-default\">\n\t\t\t\t\t<div class=\"elementor-column elementor-col-50 elementor-top-column elementor-element elementor-element-75af57d\" data-id=\"75af57d\" data-element_type=\"column\" data-e-type=\"column\">\n\t\t\t<div class=\"elementor-widget-wrap elementor-element-populated\">\n\t\t\t\t\t\t<div class=\"elementor-element elementor-element-4416f58 elementor-widget elementor-widget-image\" data-id=\"4416f58\" data-element_type=\"widget\" data-e-type=\"widget\" data-widget_type=\"image.default\">\n\t\t\t\t<div class=\"elementor-widget-container\">\n\t\t\t\t\t\t\t\t\t\t\t\t\t\t\t<img fetchpriority=\"high\" decoding=\"async\" width=\"778\" height=\"1024\" src=\"https:\/\/tomtometnono.com\/wp-content\/uploads\/2023\/04\/IMG_5790-778x1024.jpg\" class=\"attachment-large size-large wp-image-7018\" alt=\"\" srcset=\"https:\/\/tomtometnono.com\/wp-content\/uploads\/2023\/04\/IMG_5790-778x1024.jpg 778w, https:\/\/tomtometnono.com\/wp-content\/uploads\/2023\/04\/IMG_5790-228x300.jpg 228w, https:\/\/tomtometnono.com\/wp-content\/uploads\/2023\/04\/IMG_5790-768x1010.jpg 768w, https:\/\/tomtometnono.com\/wp-content\/uploads\/2023\/04\/IMG_5790.jpg 1125w\" sizes=\"100vw\" \/>\t\t\t\t\t\t\t\t\t\t\t\t\t\t\t<\/div>\n\t\t\t\t<\/div>\n\t\t\t\t\t<\/div>\n\t\t<\/div>\n\t\t\t\t<div class=\"elementor-column elementor-col-50 elementor-top-column elementor-element elementor-element-d081ea5\" data-id=\"d081ea5\" data-element_type=\"column\" data-e-type=\"column\">\n\t\t\t<div class=\"elementor-widget-wrap elementor-element-populated\">\n\t\t\t\t\t\t<div class=\"elementor-element elementor-element-6605e3e elementor-widget elementor-widget-text-editor\" data-id=\"6605e3e\" data-element_type=\"widget\" data-e-type=\"widget\" data-widget_type=\"text-editor.default\">\n\t\t\t\t<div class=\"elementor-widget-container\">\n\t\t\t\t\t\t\t\t\t<p>Nous sommes deux Rennais, Nolwenn et Thomas, et nous nous sommes rencontr\u00e9s au lyc\u00e9e\u00a0<img decoding=\"async\" class=\"emoji\" role=\"img\" draggable=\"false\" src=\"https:\/\/s.w.org\/images\/core\/emoji\/14.0.0\/svg\/1f469-200d-2764-fe0f-200d-1f468.svg\" alt=\"\ud83d\udc69\u200d\u2764\ufe0f\u200d\ud83d\udc68\" \/>\u00a0<\/p><p>\u00a0<\/p><p>Thomas, 29 ans, travaillait en banque, et Nolwenn, 30 ans, travaillait dans les Ressources Humaines. Apr\u00e8s avoir v\u00e9cu \u00e0 Cholet pendant 4 ans et demi, nous avons d\u00e9cid\u00e9 de tout quitter et de partir voyager sans billet de retour, pour revenir la t\u00eate remplie de souvenirs inoubliables.<\/p><p>\u00a0<\/p><p>Notre premier choix de destination s&rsquo;est port\u00e9 sur la Nouvelle-Z\u00e9lande, o\u00f9 nous avons fait le tour en van des deux \u00eeles pendant environ 4 mois. Puis, nous avons d\u00e9cid\u00e9 de d\u00e9couvrir l&rsquo;Asie \u00e0 travers les Philippines, le Vietnam, la Malaisie et l&rsquo;Indon\u00e9sie.<\/p>\t\t\t\t\t\t\t\t<\/div>\n\t\t\t\t<\/div>\n\t\t\t\t\t<\/div>\n\t\t<\/div>\n\t\t\t\t\t<\/div>\n\t\t<\/section>\n\t\t\t\t<section class=\"elementor-section elementor-top-section elementor-element elementor-element-d1d2217 elementor-section-boxed elementor-section-height-default elementor-section-height-default\" data-id=\"d1d2217\" data-element_type=\"section\" data-e-type=\"section\">\n\t\t\t\t\t\t<div class=\"elementor-container elementor-column-gap-default\">\n\t\t\t\t\t<div class=\"elementor-column elementor-col-100 elementor-top-column elementor-element elementor-element-77f3f1c\" data-id=\"77f3f1c\" data-element_type=\"column\" data-e-type=\"column\">\n\t\t\t<div class=\"elementor-widget-wrap elementor-element-populated\">\n\t\t\t\t\t\t<div class=\"elementor-element elementor-element-6e3bce2 elementor-widget elementor-widget-spacer\" data-id=\"6e3bce2\" data-element_type=\"widget\" data-e-type=\"widget\" data-widget_type=\"spacer.default\">\n\t\t\t\t<div class=\"elementor-widget-container\">\n\t\t\t\t\t\t\t<div class=\"elementor-spacer\">\n\t\t\t<div class=\"elementor-spacer-inner\"><\/div>\n\t\t<\/div>\n\t\t\t\t\t\t<\/div>\n\t\t\t\t<\/div>\n\t\t\t\t\t<\/div>\n\t\t<\/div>\n\t\t\t\t\t<\/div>\n\t\t<\/section>\n\t\t\t\t<\/div>\n\t\t","protected":false},"excerpt":{"rendered":"<p>Nous sommes deux Rennais, Nolwenn et Thomas, et nous nous sommes rencontr\u00e9s au lyc\u00e9e&nbsp;&nbsp; Thomas, 29 ans, travaillait en banque, et Nolwenn, 30 ans, travaillait dans les Ressources Humaines. Apr\u00e8s avoir v\u00e9cu \u00e0 Cholet pendant 4 ans et demi, nous avons d\u00e9cid\u00e9 de tout quitter et de partir voyager sans billet de retour, pour revenir &hellip; <\/p>\n<p class=\"link-more\"><a href=\"https:\/\/tomtometnono.com\/index.php\/notre-presentation\/\" class=\"more-link\">Lire la suite de<span class=\"screen-reader-text\">\u00ab\u00a0Qui sommes-nous ?\u00a0\u00bb<\/span><\/a><\/p>\n","protected":false},"author":1,"featured_media":0,"parent":0,"menu_order":0,"comment_status":"open","ping_status":"closed","template":"","meta":{"om_disable_all_campaigns":false,"_monsterinsights_skip_tracking":false,"_monsterinsights_sitenote_active":false,"_monsterinsights_sitenote_note":"","_monsterinsights_sitenote_category":0,"footnotes":""},"class_list":["post-552","page","type-page","status-publish","hentry"],"aioseo_notices":[],"_links":{"self":[{"href":"https:\/\/tomtometnono.com\/index.php\/wp-json\/wp\/v2\/pages\/552","targetHints":{"allow":["GET"]}}],"collection":[{"href":"https:\/\/tomtometnono.com\/index.php\/wp-json\/wp\/v2\/pages"}],"about":[{"href":"https:\/\/tomtometnono.com\/index.php\/wp-json\/wp\/v2\/types\/page"}],"author":[{"embeddable":true,"href":"https:\/\/tomtometnono.com\/index.php\/wp-json\/wp\/v2\/users\/1"}],"replies":[{"embeddable":true,"href":"https:\/\/tomtometnono.com\/index.php\/wp-json\/wp\/v2\/comments?post=552"}],"version-history":[{"count":27,"href":"https:\/\/tomtometnono.com\/index.php\/wp-json\/wp\/v2\/pages\/552\/revisions"}],"predecessor-version":[{"id":11640,"href":"https:\/\/tomtometnono.com\/index.php\/wp-json\/wp\/v2\/pages\/552\/revisions\/11640"}],"wp:attachment":[{"href":"https:\/\/tomtometnono.com\/index.php\/wp-json\/wp\/v2\/media?parent=552"}],"curies":[{"name":"wp","href":"https:\/\/api.w.org\/{rel}","templated":true}]}}