{"id":6713,"date":"2023-04-29T04:26:42","date_gmt":"2023-04-29T04:26:42","guid":{"rendered":"https:\/\/tomtometnono.com\/?p=6713"},"modified":"2023-07-22T08:55:09","modified_gmt":"2023-07-22T08:55:09","slug":"avant-de-partir-en-voyage","status":"publish","type":"page","link":"https:\/\/tomtometnono.com\/index.php\/avant-de-partir-en-voyage\/","title":{"rendered":"Pr\u00e9paratifs de voyage et formalit\u00e9s : Ce qu&rsquo;il faut savoir avant de partir"},"content":{"rendered":"\t\t<div data-elementor-type=\"wp-post\" data-elementor-id=\"6713\" class=\"elementor elementor-6713\">\n\t\t\t\t\t\t<section class=\"elementor-section elementor-top-section elementor-element elementor-element-dcae245 elementor-section-boxed elementor-section-height-default elementor-section-height-default\" data-id=\"dcae245\" data-element_type=\"section\" data-e-type=\"section\">\n\t\t\t\t\t\t<div class=\"elementor-container elementor-column-gap-default\">\n\t\t\t\t\t<div class=\"elementor-column elementor-col-100 elementor-top-column elementor-element elementor-element-0beb2d5\" data-id=\"0beb2d5\" data-element_type=\"column\" data-e-type=\"column\">\n\t\t\t<div class=\"elementor-widget-wrap elementor-element-populated\">\n\t\t\t\t\t\t<div class=\"elementor-element elementor-element-61c5964 elementor-widget elementor-widget-text-editor\" data-id=\"61c5964\" data-element_type=\"widget\" data-e-type=\"widget\" data-widget_type=\"text-editor.default\">\n\t\t\t\t<div class=\"elementor-widget-container\">\n\t\t\t\t\t\t\t\t\t<p>Avant de vous lancer dans l&rsquo;aventure et de prendre vos billets d&rsquo;avion, il est essentiel de v\u00e9rifier certains points cl\u00e9s pour un voyage sans encombre.<\/p><p><strong><img decoding=\"async\" class=\"emoji\" role=\"img\" draggable=\"false\" src=\"https:\/\/s.w.org\/images\/core\/emoji\/14.0.0\/svg\/1f9e7.svg\" alt=\"\ud83e\udde7\" \/> Passeport et pi\u00e8ce d&rsquo;identit\u00e9<\/strong> <strong>:<\/strong><\/p><ul><li>Assurez-vous d&rsquo;\u00eatre en possession de votre pi\u00e8ce d&rsquo;identit\u00e9 ou d&rsquo;un passeport, surtout pour les destinations hors Europe. V\u00e9rifiez que ces documents sont toujours valides. Si ce n&rsquo;est pas le cas, anticipez au maximum leur renouvellement. Les d\u00e9lais peuvent \u00eatre longs et sans ces documents, vous ne pourrez pas voyager. De plus, de nombreuses destinations exigent que la dur\u00e9e de validit\u00e9 de votre passeport soit au moins sup\u00e9rieure \u00e0 6 mois \u00e0 la date du d\u00e9part.<\/li><\/ul><p><strong><img decoding=\"async\" class=\"emoji\" role=\"img\" draggable=\"false\" src=\"https:\/\/s.w.org\/images\/core\/emoji\/14.0.0\/svg\/1f4c4.svg\" alt=\"\ud83d\udcc4\" \/><img decoding=\"async\" class=\"emoji\" role=\"img\" draggable=\"false\" src=\"https:\/\/s.w.org\/images\/core\/emoji\/14.0.0\/svg\/23f1.svg\" alt=\"\u23f1\ufe0f\" \/> Visa et dur\u00e9e de s\u00e9jour :<\/strong><\/p><ul><li>De nombreux pays imposent un visa pour entrer sur leur territoire. Il est donc crucial de v\u00e9rifier si vous en avez besoin. Si oui, faut-il faire une demande sur internet au pr\u00e9alable ou se fait-il directement \u00e0 l&rsquo;a\u00e9roport\/aux fronti\u00e8res ? Combien de temps faut-il pour l&rsquo;obtenir ?<\/li><li>Renseignez-vous \u00e9galement sur la dur\u00e9e autoris\u00e9e pour rester sur le territoire. Les dur\u00e9es varient d&rsquo;un pays \u00e0 l&rsquo;autre. Il est parfois possible de faire des \u00ab visas run \u00bb, c&rsquo;est-\u00e0-dire sortir du pays puis y revenir pour renouveler son visa. Pour cela, il faut se renseigner au pr\u00e9alable sur les pays limitrophes, les moyens de transports pour y aller, les modalit\u00e9s d&rsquo;entr\u00e9e et de sortie\u2026<\/li><li>Il est d\u00e9conseill\u00e9 de d\u00e9passer la dur\u00e9e de son visa. Parfois, vous risquez seulement une amende par jour d\u00e9pass\u00e9. Pour autant, cette infraction peut \u00eatre inscrite dans votre \u00ab fichier \u00bb et certains pays comme le Canada ou encore l\u2019Australie peuvent demander vos ant\u00e9c\u00e9dents de voyage sur les 10 derni\u00e8res ann\u00e9es.<\/li><\/ul><p><strong><img decoding=\"async\" class=\"emoji\" role=\"img\" draggable=\"false\" src=\"https:\/\/s.w.org\/images\/core\/emoji\/14.0.0\/svg\/1f6b6.svg\" alt=\"\ud83d\udeb6\" \/>Modalit\u00e9s d&rsquo;entr\u00e9e :<\/strong><\/p><ul><li>Il faut parfois un billet retour ou pour un autre pays pour rentrer sur le territoire. Cela permet aux autorit\u00e9s de s\u2019assurer que vous ne d\u00e9passerez pas la dur\u00e9e de votre visa.<\/li><\/ul><p><strong><img decoding=\"async\" class=\"emoji\" role=\"img\" draggable=\"false\" src=\"https:\/\/s.w.org\/images\/core\/emoji\/14.0.0\/svg\/1f489.svg\" alt=\"\ud83d\udc89\" \/> Vaccins :<\/strong><\/p><p>Je conseille de consulter le site de l&rsquo;<strong><a href=\"https:\/\/www.pasteur.fr\/fr\/centre-medical\/preparer-son-voyage\">Institut Pasteur<\/a><\/strong>\u00a0ou votre m\u00e9decin avant de partir pour savoir quels sont les vaccins obligatoires et ceux qui sont recommand\u00e9s. Hors Europe, anticipez ce point au maximum car certains vaccins doivent \u00eatre fait plusieurs jours avant le d\u00e9part ou peuvent n\u00e9cessiter plusieurs doses. Parfois, il faut \u00e9galement du temps pour que les pharmacies commandent les vaccins et du temps pour avoir une consultation chez le m\u00e9decin pour faire l\u2019injection.<\/p>\t\t\t\t\t\t\t\t<\/div>\n\t\t\t\t<\/div>\n\t\t\t\t\t<\/div>\n\t\t<\/div>\n\t\t\t\t\t<\/div>\n\t\t<\/section>\n\t\t\t\t<\/div>\n\t\t","protected":false},"excerpt":{"rendered":"<p>Avant de vous lancer dans l&rsquo;aventure et de prendre vos billets d&rsquo;avion, il est essentiel de v\u00e9rifier certains points cl\u00e9s pour un voyage sans encombre. Passeport et pi\u00e8ce d&rsquo;identit\u00e9 : Assurez-vous d&rsquo;\u00eatre en possession de votre pi\u00e8ce d&rsquo;identit\u00e9 ou d&rsquo;un passeport, surtout pour les destinations hors Europe. V\u00e9rifiez que ces documents sont toujours valides. Si &hellip; <\/p>\n<p class=\"link-more\"><a href=\"https:\/\/tomtometnono.com\/index.php\/avant-de-partir-en-voyage\/\" class=\"more-link\">Lire la suite de<span class=\"screen-reader-text\">\u00ab\u00a0Pr\u00e9paratifs de voyage et formalit\u00e9s : Ce qu&rsquo;il faut savoir avant de partir\u00a0\u00bb<\/span><\/a><\/p>\n","protected":false},"author":1,"featured_media":11611,"parent":0,"menu_order":0,"comment_status":"open","ping_status":"open","template":"","meta":{"om_disable_all_campaigns":false,"_monsterinsights_skip_tracking":false,"_monsterinsights_sitenote_active":false,"_monsterinsights_sitenote_note":"","_monsterinsights_sitenote_category":0,"footnotes":""},"class_list":["post-6713","page","type-page","status-publish","has-post-thumbnail","hentry"],"aioseo_notices":[],"_links":{"self":[{"href":"https:\/\/tomtometnono.com\/index.php\/wp-json\/wp\/v2\/pages\/6713","targetHints":{"allow":["GET"]}}],"collection":[{"href":"https:\/\/tomtometnono.com\/index.php\/wp-json\/wp\/v2\/pages"}],"about":[{"href":"https:\/\/tomtometnono.com\/index.php\/wp-json\/wp\/v2\/types\/page"}],"author":[{"embeddable":true,"href":"https:\/\/tomtometnono.com\/index.php\/wp-json\/wp\/v2\/users\/1"}],"replies":[{"embeddable":true,"href":"https:\/\/tomtometnono.com\/index.php\/wp-json\/wp\/v2\/comments?post=6713"}],"version-history":[{"count":50,"href":"https:\/\/tomtometnono.com\/index.php\/wp-json\/wp\/v2\/pages\/6713\/revisions"}],"predecessor-version":[{"id":12833,"href":"https:\/\/tomtometnono.com\/index.php\/wp-json\/wp\/v2\/pages\/6713\/revisions\/12833"}],"wp:featuredmedia":[{"embeddable":true,"href":"https:\/\/tomtometnono.com\/index.php\/wp-json\/wp\/v2\/media\/11611"}],"wp:attachment":[{"href":"https:\/\/tomtometnono.com\/index.php\/wp-json\/wp\/v2\/media?parent=6713"}],"curies":[{"name":"wp","href":"https:\/\/api.w.org\/{rel}","templated":true}]}}